{"id":762,"date":"2023-08-20T15:29:25","date_gmt":"2023-08-20T21:29:25","guid":{"rendered":"https:\/\/asesoriasbiologicas.com\/?page_id=762"},"modified":"2023-08-20T15:41:15","modified_gmt":"2023-08-20T21:41:15","slug":"nuestros-asesores","status":"publish","type":"page","link":"https:\/\/asesoriasbiologicas.com\/index.php\/nuestros-asesores\/","title":{"rendered":"Nuestros Asesores"},"content":{"rendered":"\t\t<div data-elementor-type=\"wp-page\" data-elementor-id=\"762\" class=\"elementor elementor-762\">\n\t\t\t\t\t\t<section class=\"elementor-section elementor-top-section elementor-element elementor-element-639b7769 elementor-section-boxed elementor-section-height-default elementor-section-height-default\" data-id=\"639b7769\" data-element_type=\"section\" data-e-type=\"section\">\n\t\t\t\t\t\t<div class=\"elementor-container elementor-column-gap-default\">\n\t\t\t\t\t<div class=\"elementor-column elementor-col-100 elementor-top-column elementor-element elementor-element-18e9909\" data-id=\"18e9909\" data-element_type=\"column\" data-e-type=\"column\">\n\t\t\t<div class=\"elementor-widget-wrap elementor-element-populated\">\n\t\t\t\t\t\t<div class=\"elementor-element elementor-element-42a407e elementor-widget elementor-widget-text-editor\" data-id=\"42a407e\" data-element_type=\"widget\" data-e-type=\"widget\" data-widget_type=\"text-editor.default\">\n\t\t\t\t<div class=\"elementor-widget-container\">\n\t\t\t\t\t\t\t\t\t\n<div class=\"wp-block-columns is-layout-flex wp-container-core-columns-is-layout-2 wp-block-columns-is-layout-flex\">\n<div class=\"wp-block-column is-layout-flow wp-block-column-is-layout-flow\" style=\"flex-basis: 5%;\">\u00a0<\/div>\n\n<div class=\"wp-block-column is-layout-flow wp-block-column-is-layout-flow\" style=\"flex-basis: 90%;\">\n<p><b>\u00a0\u00a0\u00a0<img fetchpriority=\"high\" decoding=\"async\" class=\"size-medium wp-image-768 alignleft\" src=\"http:\/\/asesoriasbiologicas.com\/wp-content\/uploads\/2023\/08\/Guadarrama-212x300.png\" alt=\"\" width=\"212\" height=\"300\" srcset=\"https:\/\/asesoriasbiologicas.com\/wp-content\/uploads\/2023\/08\/Guadarrama-212x300.png 212w, https:\/\/asesoriasbiologicas.com\/wp-content\/uploads\/2023\/08\/Guadarrama.png 361w\" sizes=\"(max-width: 212px) 100vw, 212px\" \/> \u00a0\u00a0<\/b><\/p>\n<p style=\"text-align: center;\"><b>Bi\u00f3l. Enrique Guadarrama Escobar<\/b><\/p>\n<p style=\"text-align: center;\"><b>Director<\/b><\/p>\n<p><span style=\"font-weight: 400;\">Con m\u00e1s de 34 a\u00f1os de consultor en manejo de recursos naturales, agropecuarios y acu\u00edcolas, ha desarrollado indicadores mediante los cuales mide la productividad de los ranchos en forma individual o en grandes extensiones de tierras mediante Evaluaciones de Potencial Agroecol\u00f3gicos. Ha impartido m\u00faltiples conferencias, seminarios y diplomados.<\/span><\/p>\n<p>\u00a0<\/p>\n<p style=\"text-align: center;\"><b><img decoding=\"async\" class=\"size-medium wp-image-771 alignleft\" src=\"http:\/\/asesoriasbiologicas.com\/wp-content\/uploads\/2023\/08\/Subiria-237x300.png\" alt=\"\" width=\"237\" height=\"300\" srcset=\"https:\/\/asesoriasbiologicas.com\/wp-content\/uploads\/2023\/08\/Subiria-237x300.png 237w, https:\/\/asesoriasbiologicas.com\/wp-content\/uploads\/2023\/08\/Subiria.png 392w\" sizes=\"(max-width: 237px) 100vw, 237px\" \/>Bi\u00f3l. Andr\u00e9s P\u00e9rez Subir\u00eda<\/b><\/p>\n<p style=\"text-align: center;\"><b>Director Agricultura Ecol\u00f3gica<\/b><\/p>\n<p><span style=\"font-weight: 400;\">Egresado de la Facultad de Ciencias Biol\u00f3gicas, U.A.N.L. de la carrera de Bi\u00f3logo, se uni\u00f3 a Asesor\u00edas Biol\u00f3gicas en 2019 y a la fecha funge como Director en el \u00e1rea de Agricultura Ecol\u00f3gica Regenerativa, es miembro de Consultores Rurales y del grupo Biorg\u00e1nicos del Norte.<\/span><\/p>\n<p><br \/><br \/><br \/><\/p>\n<p style=\"text-align: center;\"><b><img decoding=\"async\" class=\"size-medium wp-image-770 alignleft\" src=\"http:\/\/asesoriasbiologicas.com\/wp-content\/uploads\/2023\/08\/Misael-212x300.png\" alt=\"\" width=\"212\" height=\"300\" srcset=\"https:\/\/asesoriasbiologicas.com\/wp-content\/uploads\/2023\/08\/Misael-212x300.png 212w, https:\/\/asesoriasbiologicas.com\/wp-content\/uploads\/2023\/08\/Misael.png 361w\" sizes=\"(max-width: 212px) 100vw, 212px\" \/>Bi\u00f3l. Misael Rodr\u00edguez<\/b><\/p>\n<p style=\"text-align: center;\"><strong>Sistemas de Informaci\u00f3n Geogr\u00e1fica<\/strong><\/p>\n<p><span style=\"font-weight: 400;\">Miembro de Asesor\u00edas Biol\u00f3gicas desde 2019, actualmente es Gerente del departamento de Sistemas de Informaci\u00f3n Geogr\u00e1fica, y desarrolla varios de los principales indicadores productivos de las Evaluaciones de Potencial Agroecol\u00f3gicas EPA de los diferentes proyectos productivos.<\/span><br \/><br \/><\/p>\n<p>\u00a0<\/p>\n<p style=\"text-align: center;\"><b><img loading=\"lazy\" decoding=\"async\" class=\"size-medium wp-image-769 alignleft\" src=\"http:\/\/asesoriasbiologicas.com\/wp-content\/uploads\/2023\/08\/Mayela-192x300.png\" alt=\"\" width=\"192\" height=\"300\" srcset=\"https:\/\/asesoriasbiologicas.com\/wp-content\/uploads\/2023\/08\/Mayela-192x300.png 192w, https:\/\/asesoriasbiologicas.com\/wp-content\/uploads\/2023\/08\/Mayela.png 328w\" sizes=\"(max-width: 192px) 100vw, 192px\" \/>Bi\u00f3l. M\u00e1yela Alejandra Flores Ulloa<\/b><\/p>\n<p style=\"text-align: center;\"><b>Consultor<\/b><\/p>\n<p><span style=\"font-weight: 400;\">Miembro desde 2019, actualmente nos apoya en los muestreos de vegetaci\u00f3n, programas de siembra y manejo forestal y apoyo general en los proyectos de AB.\u00a0\u00a0<\/span><\/p>\n<p>\u00a0<\/p>\n<p>\u00a0<\/p>\n<p style=\"text-align: center;\"><b><img loading=\"lazy\" decoding=\"async\" class=\"size-medium wp-image-765 alignleft\" src=\"http:\/\/asesoriasbiologicas.com\/wp-content\/uploads\/2023\/08\/Angeles-199x300.png\" alt=\"\" width=\"199\" height=\"300\" srcset=\"https:\/\/asesoriasbiologicas.com\/wp-content\/uploads\/2023\/08\/Angeles-199x300.png 199w, https:\/\/asesoriasbiologicas.com\/wp-content\/uploads\/2023\/08\/Angeles.png 339w\" sizes=\"(max-width: 199px) 100vw, 199px\" \/>Dra. Mar\u00eda Elena \u00c1ngeles Villeda.<\/b><\/p>\n<p style=\"text-align: center;\"><b>Manejo de Pesquer\u00edas<\/b><\/p>\n<p>\u00a0<\/p>\n<p><span style=\"font-weight: 400;\">Uno de los miembros m\u00e1s recientes, y cuyo objetivo es el desarrollo de especies nativas para la siembra en presas del noreste de M\u00e9xico.<\/span><\/p>\n<p><br \/><br \/><\/p>\n<p style=\"text-align: center;\"><b><img loading=\"lazy\" decoding=\"async\" class=\"size-medium wp-image-766 alignleft\" src=\"http:\/\/asesoriasbiologicas.com\/wp-content\/uploads\/2023\/08\/Fernanda-218x300.png\" alt=\"\" width=\"218\" height=\"300\" srcset=\"https:\/\/asesoriasbiologicas.com\/wp-content\/uploads\/2023\/08\/Fernanda-218x300.png 218w, https:\/\/asesoriasbiologicas.com\/wp-content\/uploads\/2023\/08\/Fernanda.png 372w\" sizes=\"(max-width: 218px) 100vw, 218px\" \/>Bi\u00f3l. Mar\u00eda Fernanda Galv\u00e1n Vargas<\/b><\/p>\n<p style=\"text-align: center;\"><b>Consultora<\/b><\/p>\n<p style=\"text-align: left;\"><span style=\"font-weight: 400;\">Miembro desde 2022, actualmente nos apoya en los muestreos de vegetaci\u00f3n, manejo de pesquer\u00edas de agua dulce y acuacultura, adem\u00e1s de apoyo general en los proyectos de AB.\u00a0<\/span><\/p>\n<p><br \/><br \/><br \/><br \/><\/p>\n<p style=\"text-align: center;\"><b><img loading=\"lazy\" decoding=\"async\" class=\"size-medium wp-image-767 alignleft\" src=\"http:\/\/asesoriasbiologicas.com\/wp-content\/uploads\/2023\/08\/Fidencio-240x300.png\" alt=\"\" width=\"240\" height=\"300\" srcset=\"https:\/\/asesoriasbiologicas.com\/wp-content\/uploads\/2023\/08\/Fidencio-240x300.png 240w, https:\/\/asesoriasbiologicas.com\/wp-content\/uploads\/2023\/08\/Fidencio.png 410w\" sizes=\"(max-width: 240px) 100vw, 240px\" \/>Fidencio Gonz\u00e1lez Ram\u00edrez<\/b><\/p>\n<p style=\"text-align: center;\"><b>Manejo de Pesquer\u00edas<\/b><\/p>\n<p><span style=\"font-weight: 400;\">Miembro de Asesor\u00edas Biol\u00f3gicas desde 2010, Encargado del Manejo de Pesquer\u00edas para con el centro de acopio, movilidad y captura de peces y apoyo general en los proyectos de AB. <\/span><\/p>\n<\/div>\n\n<div class=\"wp-block-column is-layout-flow wp-block-column-is-layout-flow\" style=\"flex-basis: 5%;\">\u00a0<\/div>\n<\/div>\n\t\t\t\t\t\t\t\t<\/div>\n\t\t\t\t<\/div>\n\t\t\t\t\t<\/div>\n\t\t<\/div>\n\t\t\t\t\t<\/div>\n\t\t<\/section>\n\t\t\t\t<\/div>\n\t\t","protected":false},"excerpt":{"rendered":"<p>\u00a0 \u00a0\u00a0\u00a0 \u00a0\u00a0 Bi\u00f3l. Enrique Guadarrama Escobar Director Con m\u00e1s de 34 a\u00f1os de consultor en manejo de recursos naturales, agropecuarios y acu\u00edcolas, ha desarrollado indicadores mediante los cuales mide la productividad de los ranchos en forma individual o en grandes extensiones de tierras mediante Evaluaciones de Potencial Agroecol\u00f3gicos. Ha impartido m\u00faltiples conferencias, seminarios y [&hellip;]<\/p>\n","protected":false},"author":1,"featured_media":0,"parent":0,"menu_order":0,"comment_status":"closed","ping_status":"closed","template":"","meta":{"footnotes":""},"class_list":["post-762","page","type-page","status-publish","hentry"],"aioseo_notices":[],"jetpack_sharing_enabled":true,"_links":{"self":[{"href":"https:\/\/asesoriasbiologicas.com\/index.php\/wp-json\/wp\/v2\/pages\/762","targetHints":{"allow":["GET"]}}],"collection":[{"href":"https:\/\/asesoriasbiologicas.com\/index.php\/wp-json\/wp\/v2\/pages"}],"about":[{"href":"https:\/\/asesoriasbiologicas.com\/index.php\/wp-json\/wp\/v2\/types\/page"}],"author":[{"embeddable":true,"href":"https:\/\/asesoriasbiologicas.com\/index.php\/wp-json\/wp\/v2\/users\/1"}],"replies":[{"embeddable":true,"href":"https:\/\/asesoriasbiologicas.com\/index.php\/wp-json\/wp\/v2\/comments?post=762"}],"version-history":[{"count":4,"href":"https:\/\/asesoriasbiologicas.com\/index.php\/wp-json\/wp\/v2\/pages\/762\/revisions"}],"predecessor-version":[{"id":774,"href":"https:\/\/asesoriasbiologicas.com\/index.php\/wp-json\/wp\/v2\/pages\/762\/revisions\/774"}],"wp:attachment":[{"href":"https:\/\/asesoriasbiologicas.com\/index.php\/wp-json\/wp\/v2\/media?parent=762"}],"curies":[{"name":"wp","href":"https:\/\/api.w.org\/{rel}","templated":true}]}}