{"id":701,"date":"2023-08-03T12:21:34","date_gmt":"2023-08-03T18:21:34","guid":{"rendered":"https:\/\/asesoriasbiologicas.com\/?page_id=701"},"modified":"2023-08-20T15:13:12","modified_gmt":"2023-08-20T21:13:12","slug":"servicios-y-soluciones","status":"publish","type":"page","link":"https:\/\/asesoriasbiologicas.com\/index.php\/servicios-y-soluciones\/","title":{"rendered":"Servicios y soluciones"},"content":{"rendered":"\t\t<div data-elementor-type=\"wp-page\" data-elementor-id=\"701\" class=\"elementor elementor-701\">\n\t\t\t\t\t\t<section class=\"elementor-section elementor-top-section elementor-element elementor-element-76296036 elementor-section-boxed elementor-section-height-default elementor-section-height-default\" data-id=\"76296036\" data-element_type=\"section\" data-e-type=\"section\">\n\t\t\t\t\t\t<div class=\"elementor-container elementor-column-gap-default\">\n\t\t\t\t\t<div class=\"elementor-column elementor-col-100 elementor-top-column elementor-element elementor-element-61525d5e\" data-id=\"61525d5e\" data-element_type=\"column\" data-e-type=\"column\">\n\t\t\t<div class=\"elementor-widget-wrap elementor-element-populated\">\n\t\t\t\t\t\t<div class=\"elementor-element elementor-element-29ab9af3 elementor-widget elementor-widget-text-editor\" data-id=\"29ab9af3\" data-element_type=\"widget\" data-e-type=\"widget\" data-widget_type=\"text-editor.default\">\n\t\t\t\t<div class=\"elementor-widget-container\">\n\t\t\t\t\t\t\t\t\t<p><a href=\"http:\/\/asesoriasbiologicas.com\/wp-content\/uploads\/2023\/08\/Manejo-de-vida-silvestre.svg\"><img decoding=\"async\" class=\"size-full wp-image-703 alignleft\" src=\"http:\/\/asesoriasbiologicas.com\/wp-content\/uploads\/2023\/08\/Manejo-de-vida-silvestre.svg\" alt=\"\" width=\"150\" height=\"160\" \/><\/a><span style=\"font-weight: 400;\">Desde 1992 realizamos proyectos relacionados con el manejo de vida silvestre y cuya espina vertebral son los venados cola blanca, en base a el comportamiento, la forma de alimentarse y su comportamiento, hemos desarrollado varios indicadores productivos para varias zonas de nuestro pa\u00eds, con la modificaci\u00f3n del paisaje y aumento de la distribuci\u00f3n espacial de los aguajes ICA, hemos desarrollado individuos de gran talla exclusivamente con el manejo fenot\u00edpico y de alimentaci\u00f3n.<\/span><\/p><p><span style=\"font-weight: 400;\">El manejo incluye censos de evaluaci\u00f3n de venados cola blanca o de cualquier especie silvestre, v\u00eda transectos nocturnos, excrementos, censos de observaci\u00f3n directos y por medio de c\u00e1maras trampa, adem\u00e1s de tener un paquete especial de EPA para cada caso en particular.<\/span><\/p><p><span style=\"font-weight: 400;\">El paisaje funcional lo desarrollamos en base a las necesidades de las diferentes especies que se encuentran en la zona, dando los requerimientos de cobertura visual, alimenticia, de vegetaci\u00f3n y percha para el caso de los guajolotes silvestres.<\/span><\/p><p><span style=\"font-weight: 400;\">Adem\u00e1s realizamos estudios sobre capacidad de carga de las especies silvestres, estimando % de prote\u00edna, minerales y minerales traza, as\u00ed como tambi\u00e9n estudios de clasificaci\u00f3n de vegetaci\u00f3n, y an\u00e1lisis de suelo y agua, para obtener un panorama completo de cada potrero de cada predio.<\/span><\/p><p>\u00a0<\/p><p><img decoding=\"async\" class=\"alignleft wp-image-704\" src=\"http:\/\/asesoriasbiologicas.com\/wp-content\/uploads\/2023\/08\/Manejo-de-pesquerias-300x225.png\" alt=\"\" width=\"239\" height=\"179\" \/><span style=\"font-size: 16px; color: var( --e-global-color-text ); font-family: var( --e-global-typography-text-font-family ), Sans-serif;\">Actualmente hemos desarrollado inventarios de presas por medio de Captura por Unidad de Esfuerzo o CAPUE, utilizando medios convencionales para estimar la densidad de peces en un reservorio, adem\u00e1s de calcular la l\u00ednea costera por medio de im\u00e1genes sat\u00e9lite mediante el \u00edndice Diferencial de Agua Normalizado, nos proporciona informaci\u00f3n sobre la productividad de las presas o reservorios, permiti\u00e9ndonos la l\u00ednea costera, crucial para estimar el n\u00famero de peces que soporta el reservorio, obteniendo con esto datos precisos del n\u00famero de peces recomendados por cada embalse.<\/span><\/p><p><span style=\"font-weight: 400;\">Dentro de nuestros procesos, en predios que cuentan con varios abrevaderos, bordos o presas, mayores a 0.5 ha, nuestro equipo mediante CAPUE, realiza las estimaciones y con esos datos podemos manejar los reservorios de una forma sustentable, al capturar y liberar ejemplares de una a otro reservorio, tomando en cuenta en donde sobran y a donde faltan, y lo que falte lo tenemos en disponibilidad en otros reservorios del Estado de Nuevo Le\u00f3n o en granjas productoras de peces.<\/span><\/p><p><span style=\"font-weight: 400;\">En el 2023 estamos iniciando un centro de acopio y de producci\u00f3n de peces forraje en Allende, Nuevo Le\u00f3n, con el cual pretendemos dar abasto de especies de peces nativos a toda la regi\u00f3n.<\/span><\/p><p><span style=\"font-weight: 400;\">Hemos dise\u00f1ado, construido y sellado m\u00e1s de 40 reservorios, en donde desarrollamos el paisaje funcional dentro de los reservorios que nos permite incrementar la productividad de los mismos.<\/span><\/p><p><span style=\"font-weight: 400;\">En sistemas productivos de acuicultura, hemos dise\u00f1ado y apoyado a granjas acu\u00edcolas productoras de camar\u00f3n, tilapia, acuap\u00f3nicos, hidrop\u00f3nicas y de cultivos de lobina negra Micropterus salmoides, principalmente.<\/span><\/p><p><span style=\"font-weight: 400;\">\u00a0<\/span><\/p><p>\u00a0<\/p><p><img decoding=\"async\" class=\"wp-image-705 alignleft\" src=\"http:\/\/asesoriasbiologicas.com\/wp-content\/uploads\/2023\/08\/Ganaderia-escologica-300x225.png\" alt=\"\" width=\"176\" height=\"145\" \/><span style=\"font-size: 16px; color: var( --e-global-color-text ); font-family: var( --e-global-typography-text-font-family ), Sans-serif;\">La ganader\u00eda norestense tiene sus inicios en 1579, cuando el Rey de Espa\u00f1a Felipe II le autoriz\u00f3 a Luis de Carvajal el traer ganado al Nuevo Reino de Le\u00f3n, en 1579\u00a0<\/span><\/p><p><span style=\"font-weight: 400;\">En General las vastas extensiones de tierras del norte donde surgieron las grandes haciendas debido a las migraciones por estancias ganaderas fueran insuficientes en el centro de M\u00e9xico, de esta forma, la ganader\u00eda fue desplaz\u00e1ndose gradualmente hacia los desiertos norte\u00f1os, cubriendo vastas superficies de tierras productivas, en donde el ganado crec\u00eda r\u00e1pidamente siendo el ganado ovino el que m\u00e1s individuos se reportan, estas \u00e1reas de pastoreo no ten\u00edan l\u00edmites o cercos.\u00a0<\/span><\/p><p><span style=\"font-weight: 400;\">En Nuevo Le\u00f3n las vastas superficies que se ten\u00edan, por ejemplo, eran propiedad del Capit\u00e1n Blas de la Garza due\u00f1o de los terrenos de lo que hoy conocemos como Pesquer\u00eda y Apodaca, Alonso de Le\u00f3n ten\u00eda sus predios entre los municipios de Montemorelos y General Ter\u00e1n, Carlos Cant\u00fa lleg\u00f3 a poseer los vastos terrenos de China y Bravo calculando en una extensi\u00f3n de m\u00e1s de 20,000 ha.<\/span><\/p><p><span style=\"font-weight: 400;\">Al enterarse de las grandes extensiones de tierra que se estaban repartiendo en el Nuevo Reino de Le\u00f3n, comenz\u00f3 el \u00e9xodo de personas de diferentes etnias a ir a esas tierras con ganado para alcanzar el reparto, obteniendo extensiones de hasta 1,700 ha en promedio cada uno.<\/span><\/p><p><span style=\"font-weight: 400;\">El incremento de la poblaci\u00f3n dio como resultado los asentamientos de Cerralvo, Mina, Cadereyta y Monterrey, y al mismo tiempo otras cabeceras municipales, con el paso del tiempo, en la regi\u00f3n a principios de 1900\u2019s se comenzaron a implementar los cercos de p\u00faas ganaderos, y en la regi\u00f3n era conocido el la armaz\u00f3n de cercos rotos para hacer nuevos, uno de estos personajes se le ocurri\u00f3 rebobinar los cercos con solo recortes, para luego comenzar a hacer los propios convirtiendo este negocio en uno de los m\u00e1s pr\u00f3speros del mundo.<\/span><\/p><p><span style=\"font-weight: 400;\">Aquellas grandes extensiones fueron mermadas por el paso del tiempo en hijuelas, repartici\u00f3n de tierras, venta, compra parcial, entre otros, perdiendo extensiones de hasta 20,000 de han bajado a promedios en 2023 de <\/span><b>1149 ha<\/b><span style=\"font-weight: 400;\">, esta misma situaci\u00f3n pas\u00f3 en todo el territorio mexicano.<\/span><\/p><p><span style=\"font-weight: 400;\">En el <\/span><span style=\"font-weight: 400;\">2011 la FUNDACI\u00d3N PRODUCE NUEVO LE\u00d3N AC, el CONSORCIO T\u00c9CNICO DEL NORESTE DE M\u00c9XICO, UNI\u00d3N REGIONAL GANADERA DE NUEVO LE\u00d3N, y la UNIVERSIDAD AUT\u00d3NOMA AGRARIA ANTONIO NARRO realizaron un estudio para determinar el Sistema de Monitoreo de Agostaderos en el estado de Nuevo Le\u00f3n, M\u00e9xico,<\/span><span style=\"font-weight: 400;\">\u00a0 \u00a0 encontrando que en este estado existen zonas de capacidad de carga desde 10 ha\/ua hasta 60 ha\/ua, as\u00ed que una unidad de producci\u00f3n en Mina, NL, de 1,000 ha con 60 ha\/ua (16 vacas) no va a tener la misma carga animal que otra enTeran, que mantiene 10 ha\/ua (100 vacas), siendo este el estudio m\u00e1s reciente a la fecha.<\/span><\/p><p><span style=\"font-weight: 400;\">De esta forma, pensando en el manejo que hac\u00edan los abuelos, en donde los hatos llegaban a 400 o 500 vientres, los nuevos propietarios han querido emular aquellos d\u00edas en donde las enfermedades y desnutriciones no eran significativas, ahora con terrenos m\u00e1s hacinados y con el mismo manejo de pastoreo extensivo, el mal manejo a creado que en este estado se tenga al menos el 70% de los predios r\u00fasticos sobre pastoreados, se han creado m\u00e1s enfermedades, con m\u00e1s resiliencia que en anta\u00f1o.<\/span><\/p><p><span style=\"font-weight: 400;\">Los primeros pasos al desarrollo ecol\u00f3gico del manejo de los hatos ganaderos lo observamos en los 80\u00b4s con el manejo Savory, en el cual inicia desde el concepto de pastoreo limitado y periodico en cada parcela, esperando el crecimiento de la vegetaci\u00f3n para el siguiente corte.<\/span><\/p><p><span style=\"font-weight: 400;\">Actualmente este manejo para a desarrollar un sistema de alto impacto y baja frecuencia, en el cual el ganado deja textualmente una huella que rompe el suelo desnudo y permite permear la lluvia dentro del suelo, adem\u00e1s la alta concentraci\u00f3n de orina y excrementos promueven el desarrollo de materia org\u00e1nica, indispensable para el crecimiento de las plantas, aunado con esto el descanso prolongado, permite que la planta desarrolle todo su potencial e incremente su capacidad de carga gradualmente a este proceso se le llama pastoreo regenerativo de suelos.<\/span><\/p><p><span style=\"font-weight: 400;\">Aunado a este sistema pastoril, en Asesor\u00edas Biol\u00f3gicas integramos el desarrollar un paisaje funcional en el cual pueda interaccionar la vida silvestre y la ganader\u00eda en un proceso conjunto, apoy\u00e1ndonos en algunas pr\u00e1cticas ecol\u00f3gicas como son la quema controlada, rodillo aireador, red de agua, balance proteico y mineral, adem\u00e1s de la reestructura del suelo mediante ganader\u00eda regenerativa.<\/span><\/p><p>\u00a0<\/p><p>\u00a0<\/p><p><img loading=\"lazy\" decoding=\"async\" class=\"wp-image-706 alignleft\" src=\"http:\/\/asesoriasbiologicas.com\/wp-content\/uploads\/2023\/08\/EPA-300x225.png\" alt=\"\" width=\"179\" height=\"134\" srcset=\"https:\/\/asesoriasbiologicas.com\/wp-content\/uploads\/2023\/08\/EPA-300x225.png 300w, https:\/\/asesoriasbiologicas.com\/wp-content\/uploads\/2023\/08\/EPA-768x576.png 768w, https:\/\/asesoriasbiologicas.com\/wp-content\/uploads\/2023\/08\/EPA-240x180.png 240w, https:\/\/asesoriasbiologicas.com\/wp-content\/uploads\/2023\/08\/EPA-600x450.png 600w, https:\/\/asesoriasbiologicas.com\/wp-content\/uploads\/2023\/08\/EPA.png 1024w\" sizes=\"(max-width: 179px) 100vw, 179px\" \/><span style=\"font-size: 16px; color: var( --e-global-color-text ); font-family: var( --e-global-typography-text-font-family ), Sans-serif;\">La Evaluaci\u00f3n de Potencial Agro Ecol\u00f3gico (EPA) es un servicio de informaci\u00f3n geogr\u00e1fica que ponemos a disposici\u00f3n de todos nuestros clientes, ya que genera una gran cantidad de capas de informaci\u00f3n, mediante las cuales se pueden tomar decisiones de manejo, construcci\u00f3n, y se sientan las bases para una planeaci\u00f3n estrat\u00e9gica con bases s\u00f3lidas.<\/span><\/p><p><span style=\"font-weight: 400;\">Para el desarrollo EPA es un trabajo interdisciplinario, se est\u00e1 fuertemente relacionado con todas las \u00e1reas de servicio, ya que cada una de estas aporta diferentes estudios que de forma general soportan al EPA.<\/span><\/p><p><span style=\"font-weight: 400;\">\u00a0<\/span><\/p><p><span style=\"font-weight: 400;\">Los EPAS que nos han solicitado,han sido desarrollados para diferentes fines entre ellos:<\/span><\/p><ol><li style=\"font-weight: 400;\" aria-level=\"1\"><span style=\"font-weight: 400;\">Aval\u00faos<\/span><\/li><li style=\"font-weight: 400;\" aria-level=\"1\"><span style=\"font-weight: 400;\">Planes operativos<\/span><\/li><li style=\"font-weight: 400;\" aria-level=\"1\"><span style=\"font-weight: 400;\">Identificaci\u00f3n de sitios de pastoreo, frecuencia y capacidad de carga.<\/span><\/li><li style=\"font-weight: 400;\" aria-level=\"1\"><span style=\"font-weight: 400;\">Identificaci\u00f3n de otras \u00e1reas de oportunidad de los predios r\u00fasticos<\/span><\/li><li style=\"font-weight: 400;\" aria-level=\"1\"><span style=\"font-weight: 400;\">Inventario y mantenimiento de activos<\/span><\/li><li style=\"font-weight: 400;\" aria-level=\"1\"><span style=\"font-weight: 400;\">Diagn\u00f3sticos de superficies grandes de m\u00e1s de 70,000 ha<\/span><\/li><li style=\"font-weight: 400;\" aria-level=\"1\"><span style=\"font-weight: 400;\">Otros.<\/span><\/li><\/ol><p>\u00a0<\/p><p><img loading=\"lazy\" decoding=\"async\" class=\"wp-image-707 alignleft\" src=\"http:\/\/asesoriasbiologicas.com\/wp-content\/uploads\/2023\/08\/Agricultura-Ecologica-300x225.png\" alt=\"\" width=\"174\" height=\"130\" srcset=\"https:\/\/asesoriasbiologicas.com\/wp-content\/uploads\/2023\/08\/Agricultura-Ecologica-300x225.png 300w, https:\/\/asesoriasbiologicas.com\/wp-content\/uploads\/2023\/08\/Agricultura-Ecologica-768x576.png 768w, https:\/\/asesoriasbiologicas.com\/wp-content\/uploads\/2023\/08\/Agricultura-Ecologica-240x180.png 240w, https:\/\/asesoriasbiologicas.com\/wp-content\/uploads\/2023\/08\/Agricultura-Ecologica-600x450.png 600w, https:\/\/asesoriasbiologicas.com\/wp-content\/uploads\/2023\/08\/Agricultura-Ecologica.png 1024w\" sizes=\"(max-width: 174px) 100vw, 174px\" \/><span style=\"font-size: 16px; color: var( --e-global-color-text ); font-family: var( --e-global-typography-text-font-family ), Sans-serif;\">La agricultura ecol\u00f3gica o agricultura org\u00e1nica se caracteriza por basar su metodolog\u00eda en un conjunto de pr\u00e1cticas enfocadas a minimizar el impacto de la actividad agraria en el medio ambiente.\u00a0<\/span><\/p><p><span style=\"font-weight: 400;\">Para ello reduce el laboreo y el uso de agroqu\u00edmicos, o bien sustituye estos \u00faltimos por otros de origen org\u00e1nico principalmente.<\/span><\/p><p><span style=\"font-weight: 400;\">Ventajas de la agricultura ecol\u00f3gica<\/span><\/p><p><span style=\"font-weight: 400;\">Beneficios medioambientales:\u00a0<\/span><\/p><ul><li style=\"font-weight: 400;\" aria-level=\"1\"><span style=\"font-weight: 400;\">Favorece la estructura, la fertilidad del suelo y la presencia de microorganismos beneficiosos para los cultivos.<\/span><\/li><li style=\"font-weight: 400;\" aria-level=\"1\"><span style=\"font-weight: 400;\">Contribuye a la conservaci\u00f3n del agua y a su calidad.<\/span><\/li><li style=\"font-weight: 400;\" aria-level=\"1\"><span style=\"font-weight: 400;\">Mitiga los efectos del cambio clim\u00e1tico al disminuir emisiones de gases de efecto invernadero como Di\u00f3xido de carbono (CO2), Metano (CH4) y \u00d3xido nitroso (N2O).<\/span><\/li><li style=\"font-weight: 400;\" aria-level=\"1\"><span style=\"font-weight: 400;\">Fomenta la biodiversidad y con ello favorece el control de plagas, enfermedades y malas hierbas.<\/span><\/li><\/ul><p><span style=\"font-weight: 400;\">Beneficios para la salud:<\/span><\/p><ul><li style=\"font-weight: 400;\" aria-level=\"1\"><span style=\"font-weight: 400;\">Evita el riesgo de contraer enfermedades como linfomas tanto de trabajadores del campo como de los consumidores.<\/span><\/li><\/ul><p><span style=\"font-weight: 400;\">Beneficios econ\u00f3micos:<\/span><\/p><ul><li style=\"font-weight: 400;\" aria-level=\"1\"><span style=\"font-weight: 400;\">Reduce costos al disminuir o eliminar agroqu\u00edmicos.<\/span><\/li><\/ul><ul><li style=\"font-weight: 400;\" aria-level=\"1\"><span style=\"font-weight: 400;\">Aumento en el rendimiento de las cosechas.<\/span><\/li><li style=\"font-weight: 400;\" aria-level=\"1\"><span style=\"font-weight: 400;\">Mayor calidad en la producci\u00f3n.<\/span><\/li><li style=\"font-weight: 400;\" aria-level=\"1\"><span style=\"font-weight: 400;\">Reducci\u00f3n en costos de transporte y almacenamiento.<\/span><\/li><\/ul><p><span style=\"font-weight: 400;\">Productos recomendados:<\/span><\/p><ul><li style=\"font-weight: 400;\" aria-level=\"1\"><span style=\"font-weight: 400;\">Microorganismos ben\u00e9ficos:<\/span><\/li><\/ul><ul><li style=\"list-style-type: none;\"><ul><li style=\"font-weight: 400;\" aria-level=\"1\"><span style=\"font-weight: 400;\">Bacterias fijadoras de nitr\u00f3geno.<\/span><\/li><li style=\"font-weight: 400;\" aria-level=\"1\"><span style=\"font-weight: 400;\">Bacterias solubilizadoras y mineralizadoras de f\u00f3sforo.<\/span><\/li><li style=\"font-weight: 400;\" aria-level=\"1\"><span style=\"font-weight: 400;\">Agentes degradadores de materia org\u00e1nica.<\/span><\/li><li style=\"font-weight: 400;\" aria-level=\"1\"><span style=\"font-weight: 400;\">Bacterias para el biocontrol de plagas y enfermedades.<\/span><\/li><li style=\"font-weight: 400;\" aria-level=\"1\"><span style=\"font-weight: 400;\">Hongos micorr\u00edcicos.<\/span><\/li><\/ul><\/li><\/ul><p>\u00a0<\/p><p><img loading=\"lazy\" decoding=\"async\" class=\"wp-image-708 alignleft\" src=\"http:\/\/asesoriasbiologicas.com\/wp-content\/uploads\/2023\/08\/SIG-300x225.png\" alt=\"\" width=\"188\" height=\"141\" srcset=\"https:\/\/asesoriasbiologicas.com\/wp-content\/uploads\/2023\/08\/SIG-300x225.png 300w, https:\/\/asesoriasbiologicas.com\/wp-content\/uploads\/2023\/08\/SIG-768x576.png 768w, https:\/\/asesoriasbiologicas.com\/wp-content\/uploads\/2023\/08\/SIG-240x180.png 240w, https:\/\/asesoriasbiologicas.com\/wp-content\/uploads\/2023\/08\/SIG-600x450.png 600w, https:\/\/asesoriasbiologicas.com\/wp-content\/uploads\/2023\/08\/SIG.png 1024w\" sizes=\"(max-width: 188px) 100vw, 188px\" \/><span style=\"font-size: 16px; color: var( --e-global-color-text ); font-family: var( --e-global-typography-text-font-family ), Sans-serif;\">El \u00e1rea de Sistemas de Informaci\u00f3n Geogr\u00e1fica tiene la tarea de proveernos de los mapas y planos necesarios para el desarrollo e interpretaci\u00f3n de los datos colectados en campo, generando la siguiente informaci\u00f3n:<\/span><\/p><ol><li style=\"font-weight: 400;\" aria-level=\"1\"><span style=\"font-weight: 400;\">Fotograf\u00edas de sat\u00e9lite de alta precisi\u00f3n.<\/span><\/li><li style=\"font-weight: 400;\" aria-level=\"1\"><span style=\"font-weight: 400;\">Desarrollo de mapas tem\u00e1ticos<\/span><ol><li style=\"font-weight: 400;\" aria-level=\"2\"><span style=\"font-weight: 400;\">Suelos<\/span><\/li><li style=\"font-weight: 400;\" aria-level=\"2\"><span style=\"font-weight: 400;\">Topogr\u00e1ficos y de escorrent\u00edas<\/span><\/li><li style=\"font-weight: 400;\" aria-level=\"2\"><span style=\"font-weight: 400;\">Uso de suelo y vegetaci\u00f3n<\/span><\/li><li style=\"font-weight: 400;\" aria-level=\"2\"><span style=\"font-weight: 400;\">Capacidad de carga estimado\u00a0<\/span><\/li><li style=\"font-weight: 400;\" aria-level=\"2\"><span style=\"font-weight: 400;\">Capacidad de carga en campo<\/span><\/li><li style=\"font-weight: 400;\" aria-level=\"2\"><span style=\"font-weight: 400;\">Fotograf\u00eda\u00a0<\/span><\/li><li style=\"font-weight: 400;\" aria-level=\"2\"><span style=\"font-weight: 400;\">ICA<\/span><\/li><li style=\"font-weight: 400;\" aria-level=\"2\"><span style=\"font-weight: 400;\">OTRO<\/span><\/li><\/ol><\/li><\/ol>\t\t\t\t\t\t\t\t<\/div>\n\t\t\t\t<\/div>\n\t\t\t\t\t<\/div>\n\t\t<\/div>\n\t\t\t\t\t<\/div>\n\t\t<\/section>\n\t\t\t\t<\/div>\n\t\t","protected":false},"excerpt":{"rendered":"<p>Desde 1992 realizamos proyectos relacionados con el manejo de vida silvestre y cuya espina vertebral son los venados cola blanca, en base a el comportamiento, la forma de alimentarse y su comportamiento, hemos desarrollado varios indicadores productivos para varias zonas de nuestro pa\u00eds, con la modificaci\u00f3n del paisaje y aumento de la distribuci\u00f3n espacial de [&hellip;]<\/p>\n","protected":false},"author":1,"featured_media":0,"parent":0,"menu_order":0,"comment_status":"closed","ping_status":"closed","template":"","meta":{"footnotes":""},"class_list":["post-701","page","type-page","status-publish","hentry"],"aioseo_notices":[],"jetpack_sharing_enabled":true,"_links":{"self":[{"href":"https:\/\/asesoriasbiologicas.com\/index.php\/wp-json\/wp\/v2\/pages\/701","targetHints":{"allow":["GET"]}}],"collection":[{"href":"https:\/\/asesoriasbiologicas.com\/index.php\/wp-json\/wp\/v2\/pages"}],"about":[{"href":"https:\/\/asesoriasbiologicas.com\/index.php\/wp-json\/wp\/v2\/types\/page"}],"author":[{"embeddable":true,"href":"https:\/\/asesoriasbiologicas.com\/index.php\/wp-json\/wp\/v2\/users\/1"}],"replies":[{"embeddable":true,"href":"https:\/\/asesoriasbiologicas.com\/index.php\/wp-json\/wp\/v2\/comments?post=701"}],"version-history":[{"count":7,"href":"https:\/\/asesoriasbiologicas.com\/index.php\/wp-json\/wp\/v2\/pages\/701\/revisions"}],"predecessor-version":[{"id":761,"href":"https:\/\/asesoriasbiologicas.com\/index.php\/wp-json\/wp\/v2\/pages\/701\/revisions\/761"}],"wp:attachment":[{"href":"https:\/\/asesoriasbiologicas.com\/index.php\/wp-json\/wp\/v2\/media?parent=701"}],"curies":[{"name":"wp","href":"https:\/\/api.w.org\/{rel}","templated":true}]}}